{"id":33,"date":"2024-12-09T03:54:30","date_gmt":"2024-12-09T03:54:30","guid":{"rendered":"https:\/\/alunos.cbom.com.br\/?page_id=33"},"modified":"2024-12-19T21:57:04","modified_gmt":"2024-12-19T21:57:04","slug":"login","status":"publish","type":"page","link":"https:\/\/alunos.cbom.com.br\/en\/","title":{"rendered":"Login"},"content":{"rendered":"<div data-elementor-type=\"wp-page\" data-elementor-id=\"33\" class=\"elementor elementor-33\" data-elementor-post-type=\"page\">\n\t\t\t\t<div class=\"elementor-element elementor-element-7779825 e-con-full elementor-hidden-tablet elementor-hidden-mobile e-flex e-con e-parent\" data-id=\"7779825\" data-element_type=\"container\" data-settings=\"{&quot;background_background&quot;:&quot;gradient&quot;}\">\n\t\t<div class=\"elementor-element elementor-element-3a6516d e-con-full e-flex e-con e-child\" data-id=\"3a6516d\" data-element_type=\"container\" data-settings=\"{&quot;background_background&quot;:&quot;gradient&quot;}\">\n\t\t<div class=\"elementor-element elementor-element-9ec55b4 e-con-full e-flex e-con e-child\" data-id=\"9ec55b4\" data-element_type=\"container\">\n\t\t\t\t<div class=\"elementor-element elementor-element-410d8a0 elementor-widget__width-initial elementor-widget elementor-widget-image\" data-id=\"410d8a0\" data-element_type=\"widget\" data-widget_type=\"image.default\">\n\t\t\t\t<div class=\"elementor-widget-container\">\n\t\t\t\t\t\t\t\t\t\t\t\t\t\t\t<img fetchpriority=\"high\" decoding=\"async\" width=\"800\" height=\"289\" src=\"https:\/\/alunos.cbom.com.br\/wp-content\/uploads\/2024\/12\/logo-branca-1024x370.png\" class=\"attachment-large size-large wp-image-78\" alt=\"\" srcset=\"https:\/\/alunos.cbom.com.br\/wp-content\/uploads\/2024\/12\/logo-branca-1024x370.png 1024w, https:\/\/alunos.cbom.com.br\/wp-content\/uploads\/2024\/12\/logo-branca-300x108.png 300w, https:\/\/alunos.cbom.com.br\/wp-content\/uploads\/2024\/12\/logo-branca-768x278.png 768w, https:\/\/alunos.cbom.com.br\/wp-content\/uploads\/2024\/12\/logo-branca.png 1040w\" sizes=\"(max-width: 800px) 100vw, 800px\" \/>\t\t\t\t\t\t\t\t\t\t\t\t\t\t\t<\/div>\n\t\t\t\t<\/div>\n\t\t\t\t<div class=\"elementor-element elementor-element-b46487e elementor-widget elementor-widget-heading\" data-id=\"b46487e\" data-element_type=\"widget\" data-widget_type=\"heading.default\">\n\t\t\t\t<div class=\"elementor-widget-container\">\n\t\t\t\t\t<h2 class=\"elementor-heading-title elementor-size-default\">Seja bem-vindo \u00e0 biblioteca de downloads do CBOM<\/h2>\t\t\t\t<\/div>\n\t\t\t\t<\/div>\n\t\t\t\t<\/div>\n\t\t<div class=\"elementor-element elementor-element-acaab29 e-con-full e-flex e-con e-child\" data-id=\"acaab29\" data-element_type=\"container\" data-settings=\"{&quot;position&quot;:&quot;absolute&quot;}\">\n\t\t\t\t<div class=\"elementor-element elementor-element-34c181b elementor-widget__width-initial elementor-widget elementor-widget-image\" data-id=\"34c181b\" data-element_type=\"widget\" data-widget_type=\"image.default\">\n\t\t\t\t<div class=\"elementor-widget-container\">\n\t\t\t\t\t\t\t\t\t\t\t\t\t\t\t<img decoding=\"async\" width=\"971\" height=\"1164\" src=\"https:\/\/alunos.cbom.com.br\/wp-content\/uploads\/2024\/12\/dr_1.webp\" class=\"attachment-full size-full wp-image-512\" alt=\"\" srcset=\"https:\/\/alunos.cbom.com.br\/wp-content\/uploads\/2024\/12\/dr_1.webp 971w, https:\/\/alunos.cbom.com.br\/wp-content\/uploads\/2024\/12\/dr_1-250x300.webp 250w, https:\/\/alunos.cbom.com.br\/wp-content\/uploads\/2024\/12\/dr_1-854x1024.webp 854w, https:\/\/alunos.cbom.com.br\/wp-content\/uploads\/2024\/12\/dr_1-768x921.webp 768w\" sizes=\"(max-width: 971px) 100vw, 971px\" \/>\t\t\t\t\t\t\t\t\t\t\t\t\t\t\t<\/div>\n\t\t\t\t<\/div>\n\t\t\t\t<\/div>\n\t\t\t\t<\/div>\n\t\t<div class=\"elementor-element elementor-element-1146e24 e-con-full e-flex e-con e-child\" data-id=\"1146e24\" data-element_type=\"container\" data-settings=\"{&quot;background_background&quot;:&quot;classic&quot;}\">\n\t\t<div class=\"elementor-element elementor-element-a38d874 e-con-full e-flex e-con e-child\" data-id=\"a38d874\" data-element_type=\"container\" data-settings=\"{&quot;background_background&quot;:&quot;classic&quot;}\">\n\t\t\t\t<div class=\"elementor-element elementor-element-8e38799 elementor-widget elementor-widget-heading\" data-id=\"8e38799\" data-element_type=\"widget\" data-widget_type=\"heading.default\">\n\t\t\t\t<div class=\"elementor-widget-container\">\n\t\t\t\t\t<h2 class=\"elementor-heading-title elementor-size-default\">Fa\u00e7a login ou cadastre-se para acessar<\/h2>\t\t\t\t<\/div>\n\t\t\t\t<\/div>\n\t\t\t\t<div class=\"elementor-element elementor-element-8c1c635 elementor-widget elementor-widget-login\" data-id=\"8c1c635\" data-element_type=\"widget\" data-widget_type=\"login.default\">\n\t\t\t\t<div class=\"elementor-widget-container\">\n\t\t\t\t\t\t\t<form class=\"elementor-login elementor-form\" method=\"post\" action=\"https:\/\/alunos.cbom.com.br\/wp-login.php\">\n\t\t\t<input type=\"hidden\" name=\"redirect_to\" value=\"https:\/\/alunos.cbom.com.br\/curso\/\">\n\t\t\t<div class=\"elementor-form-fields-wrapper\">\n\t\t\t\t<div class=\"elementor-field-type-text elementor-field-group elementor-column elementor-col-100 elementor-field-required\">\n\t\t\t\t\t<label for=\"user-8c1c635\" class=\"elementor-field-label elementor-screen-only\">Usu\u00e1rio ou E-mail<\/label>\n\t\t\t\t\t<input size=\"1\" type=\"text\" name=\"log\" id=\"user-8c1c635\" placeholder=\"Usu\u00e1rio ou E-mail\" class=\"elementor-field elementor-field-textual elementor-size-md\">\n\t\t\t\t<\/div>\n\t\t\t\t<div class=\"elementor-field-type-text elementor-field-group elementor-column elementor-col-100 elementor-field-required\">\n\t\t\t\t\t<label for=\"password-8c1c635\" class=\"elementor-field-label elementor-screen-only\">Senha<\/label>\n\t\t\t\t\t<input size=\"1\" type=\"password\" name=\"pwd\" id=\"password-8c1c635\" placeholder=\"Senha\" class=\"elementor-field elementor-field-textual elementor-size-md\">\n\t\t\t\t<\/div>\n\n\t\t\t\t\t\t\t\t\t<div class=\"elementor-field-type-checkbox elementor-field-group elementor-column elementor-col-100 elementor-remember-me\">\n\t\t\t\t\t\t<label for=\"elementor-login-remember-me\">\n\t\t\t\t\t\t\t<input type=\"checkbox\" id=\"elementor-login-remember-me\" name=\"rememberme\" value=\"forever\">\n\t\t\t\t\t\t\tRemember Me\t\t\t\t\t\t<\/label>\n\t\t\t\t\t<\/div>\n\t\t\t\t\n\t\t\t\t<div class=\"elementor-field-group elementor-column elementor-field-type-submit elementor-col-100\">\n\t\t\t\t\t<button type=\"submit\" class=\"elementor-size-sm elementor-button\" name=\"wp-submit\">\n\t\t\t\t\t\t\t\t\t\t\t\t\t\t\t<span class=\"elementor-button-text\">ENTRAR<\/span>\n\t\t\t\t\t\t\t\t\t\t\t\t<\/button>\n\t\t\t\t<\/div>\n\n\t\t\t\t\t\t\t\t\t<div class=\"elementor-field-group elementor-column elementor-col-100\">\n\t\t\t\t\t\t\t\t\t\t\t\t\t\t\t\t\t\t\t\t<a class=\"elementor-lost-password\" href=\"https:\/\/alunos.cbom.com.br\/wp-login.php?action=lostpassword&redirect_to=https%3A%2F%2Falunos.cbom.com.br%2Fcurso%2F\">\n\t\t\t\t\t\t\t\tLost your password?\t\t\t\t\t\t\t<\/a>\n\t\t\t\t\t\t\n\t\t\t\t\t\t\t\t\t\t\t\t\t\t\t\t\t\t\t\t\t<span class=\"elementor-login-separator\"> | <\/span>\n\t\t\t\t\t\t\t\t\t\t\t\t\t\t\t\t\t\t\t\t\t<a class=\"elementor-register\" href=\"https:\/\/alunos.cbom.com.br\/wp-login.php?action=register\">\n\t\t\t\t\t\t\t\tRegister\t\t\t\t\t\t\t<\/a>\n\t\t\t\t\t\t\t\t\t\t\t<\/div>\n\t\t\t\t\t\t\t<\/div>\n\t\t<\/form>\n\t\t\t\t\t\t<\/div>\n\t\t\t\t<\/div>\n\t\t\t\t<\/div>\n\t\t\t\t<\/div>\n\t\t\t\t<\/div>\n\t\t<div class=\"elementor-element elementor-element-062711b e-con-full elementor-hidden-desktop e-flex e-con e-parent\" data-id=\"062711b\" data-element_type=\"container\" data-settings=\"{&quot;background_background&quot;:&quot;gradient&quot;}\">\n\t\t<div class=\"elementor-element elementor-element-83b5bdf e-con-full e-flex e-con e-child\" data-id=\"83b5bdf\" data-element_type=\"container\" data-settings=\"{&quot;background_background&quot;:&quot;gradient&quot;}\">\n\t\t\t\t<div class=\"elementor-element elementor-element-ecec3c2 elementor-widget__width-initial elementor-widget elementor-widget-image\" data-id=\"ecec3c2\" data-element_type=\"widget\" data-widget_type=\"image.default\">\n\t\t\t\t<div class=\"elementor-widget-container\">\n\t\t\t\t\t\t\t\t\t\t\t\t\t\t\t<img fetchpriority=\"high\" decoding=\"async\" width=\"800\" height=\"289\" src=\"https:\/\/alunos.cbom.com.br\/wp-content\/uploads\/2024\/12\/logo-branca-1024x370.png\" class=\"attachment-large size-large wp-image-78\" alt=\"\" srcset=\"https:\/\/alunos.cbom.com.br\/wp-content\/uploads\/2024\/12\/logo-branca-1024x370.png 1024w, https:\/\/alunos.cbom.com.br\/wp-content\/uploads\/2024\/12\/logo-branca-300x108.png 300w, https:\/\/alunos.cbom.com.br\/wp-content\/uploads\/2024\/12\/logo-branca-768x278.png 768w, https:\/\/alunos.cbom.com.br\/wp-content\/uploads\/2024\/12\/logo-branca.png 1040w\" sizes=\"(max-width: 800px) 100vw, 800px\" \/>\t\t\t\t\t\t\t\t\t\t\t\t\t\t\t<\/div>\n\t\t\t\t<\/div>\n\t\t\t\t<div class=\"elementor-element elementor-element-72be8e3 elementor-widget elementor-widget-heading\" data-id=\"72be8e3\" data-element_type=\"widget\" data-widget_type=\"heading.default\">\n\t\t\t\t<div class=\"elementor-widget-container\">\n\t\t\t\t\t<h2 class=\"elementor-heading-title elementor-size-default\">Seja bem-vindo \u00e0 biblioteca de download do CBOM<\/h2>\t\t\t\t<\/div>\n\t\t\t\t<\/div>\n\t\t<div class=\"elementor-element elementor-element-5a32c18 e-con-full e-flex e-con e-child\" data-id=\"5a32c18\" data-element_type=\"container\" data-settings=\"{&quot;background_background&quot;:&quot;classic&quot;}\">\n\t\t\t\t<div class=\"elementor-element elementor-element-983fa5c elementor-widget elementor-widget-login\" data-id=\"983fa5c\" data-element_type=\"widget\" data-widget_type=\"login.default\">\n\t\t\t\t<div class=\"elementor-widget-container\">\n\t\t\t\t\t\t\t<form class=\"elementor-login elementor-form\" method=\"post\" action=\"https:\/\/alunos.cbom.com.br\/wp-login.php\">\n\t\t\t<input type=\"hidden\" name=\"redirect_to\" value=\"https:\/\/alunos.cbom.com.br\/curso\/\">\n\t\t\t<div class=\"elementor-form-fields-wrapper\">\n\t\t\t\t<div class=\"elementor-field-type-text elementor-field-group elementor-column elementor-col-100 elementor-field-required\">\n\t\t\t\t\t<label for=\"user-983fa5c\" class=\"elementor-field-label elementor-screen-only\">Usu\u00e1rio ou E-mail<\/label>\n\t\t\t\t\t<input size=\"1\" type=\"text\" name=\"log\" id=\"user-983fa5c\" placeholder=\"Usu\u00e1rio ou E-mail\" class=\"elementor-field elementor-field-textual elementor-size-md\">\n\t\t\t\t<\/div>\n\t\t\t\t<div class=\"elementor-field-type-text elementor-field-group elementor-column elementor-col-100 elementor-field-required\">\n\t\t\t\t\t<label for=\"password-983fa5c\" class=\"elementor-field-label elementor-screen-only\">Senha<\/label>\n\t\t\t\t\t<input size=\"1\" type=\"password\" name=\"pwd\" id=\"password-983fa5c\" placeholder=\"Senha\" class=\"elementor-field elementor-field-textual elementor-size-md\">\n\t\t\t\t<\/div>\n\n\t\t\t\t\t\t\t\t\t<div class=\"elementor-field-type-checkbox elementor-field-group elementor-column elementor-col-100 elementor-remember-me\">\n\t\t\t\t\t\t<label for=\"elementor-login-remember-me\">\n\t\t\t\t\t\t\t<input type=\"checkbox\" id=\"elementor-login-remember-me\" name=\"rememberme\" value=\"forever\">\n\t\t\t\t\t\t\tRemember Me\t\t\t\t\t\t<\/label>\n\t\t\t\t\t<\/div>\n\t\t\t\t\n\t\t\t\t<div class=\"elementor-field-group elementor-column elementor-field-type-submit elementor-col-100\">\n\t\t\t\t\t<button type=\"submit\" class=\"elementor-size-sm elementor-button\" name=\"wp-submit\">\n\t\t\t\t\t\t\t\t\t\t\t\t\t\t\t<span class=\"elementor-button-text\">ENTRAR<\/span>\n\t\t\t\t\t\t\t\t\t\t\t\t<\/button>\n\t\t\t\t<\/div>\n\n\t\t\t\t\t\t\t\t\t<div class=\"elementor-field-group elementor-column elementor-col-100\">\n\t\t\t\t\t\t\t\t\t\t\t\t\t\t\t\t\t\t\t\t<a class=\"elementor-lost-password\" href=\"https:\/\/alunos.cbom.com.br\/wp-login.php?action=lostpassword&redirect_to=https%3A%2F%2Falunos.cbom.com.br%2Fcurso%2F\">\n\t\t\t\t\t\t\t\tLost your password?\t\t\t\t\t\t\t<\/a>\n\t\t\t\t\t\t\n\t\t\t\t\t\t\t\t\t\t\t\t\t\t\t\t\t\t\t\t\t<span class=\"elementor-login-separator\"> | <\/span>\n\t\t\t\t\t\t\t\t\t\t\t\t\t\t\t\t\t\t\t\t\t<a class=\"elementor-register\" href=\"https:\/\/alunos.cbom.com.br\/wp-login.php?action=register\">\n\t\t\t\t\t\t\t\tRegister\t\t\t\t\t\t\t<\/a>\n\t\t\t\t\t\t\t\t\t\t\t<\/div>\n\t\t\t\t\t\t\t<\/div>\n\t\t<\/form>\n\t\t\t\t\t\t<\/div>\n\t\t\t\t<\/div>\n\t\t\t\t<\/div>\n\t\t\t\t<\/div>\n\t\t\t\t<\/div>\n\t\t\t\t<\/div>","protected":false},"excerpt":{"rendered":"<p>Seja bem-vindo \u00e0 biblioteca de downloads do CBOM Fa\u00e7a login ou cadastre-se para acessar Seja bem-vindo \u00e0 biblioteca de download do CBOM<\/p>","protected":false},"author":1,"featured_media":0,"parent":0,"menu_order":0,"comment_status":"closed","ping_status":"closed","template":"elementor_canvas","meta":{"footnotes":""},"class_list":["post-33","page","type-page","status-publish","hentry"],"_links":{"self":[{"href":"https:\/\/alunos.cbom.com.br\/en\/wp-json\/wp\/v2\/pages\/33","targetHints":{"allow":["GET"]}}],"collection":[{"href":"https:\/\/alunos.cbom.com.br\/en\/wp-json\/wp\/v2\/pages"}],"about":[{"href":"https:\/\/alunos.cbom.com.br\/en\/wp-json\/wp\/v2\/types\/page"}],"author":[{"embeddable":true,"href":"https:\/\/alunos.cbom.com.br\/en\/wp-json\/wp\/v2\/users\/1"}],"replies":[{"embeddable":true,"href":"https:\/\/alunos.cbom.com.br\/en\/wp-json\/wp\/v2\/comments?post=33"}],"version-history":[{"count":149,"href":"https:\/\/alunos.cbom.com.br\/en\/wp-json\/wp\/v2\/pages\/33\/revisions"}],"predecessor-version":[{"id":988,"href":"https:\/\/alunos.cbom.com.br\/en\/wp-json\/wp\/v2\/pages\/33\/revisions\/988"}],"wp:attachment":[{"href":"https:\/\/alunos.cbom.com.br\/en\/wp-json\/wp\/v2\/media?parent=33"}],"curies":[{"name":"wp","href":"https:\/\/api.w.org\/{rel}","templated":true}]}}